{"id":2486,"date":"2020-04-22T09:05:50","date_gmt":"2020-04-22T09:05:50","guid":{"rendered":"https:\/\/laurent.qodeinteractive.com\/elementor\/?page_id=2486"},"modified":"2021-04-19T12:49:52","modified_gmt":"2021-04-19T12:49:52","slug":"bar-home","status":"publish","type":"page","link":"https:\/\/konoba-rozario.hr\/hr\/bar-home\/","title":{"rendered":"Vinska karta"},"content":{"rendered":"<p>Od 25 kn<br \/>\n<svg xmlns=\"http:\/\/www.w3.org\/2000\/svg\" width=\"41.125\" height=\"9.146\">\n                            <path fill=\"none\" stroke=\"#9C7C57\" stroke-miterlimit=\"10\" d=\"M40.881 8.576L20.562.591.244 8.576\"><\/path>\n                            <path fill=\"none\" stroke=\"#9C7C57\" stroke-miterlimit=\"10\" d=\"M40.881.591L20.562 8.576.243.591\"><\/path>\n                        <\/svg><\/p>\n<h1>\n                    ponuda vina<\/h1>\n<p><svg xmlns=\"http:\/\/www.w3.org\/2000\/svg\" width=\"41.125\" height=\"9.146\">\n                            <path fill=\"none\" stroke=\"#9C7C57\" stroke-miterlimit=\"10\" d=\"M40.881 8.576L20.562.591.244 8.576\"><\/path>\n                            <path fill=\"none\" stroke=\"#9C7C57\" stroke-miterlimit=\"10\" d=\"M40.881.591L20.562 8.576.243.591\"><\/path>\n                        <\/svg><\/p>\n<p>Rado \u0107emo Vam uz naru\u010deno jelo iz izbora najboljih hrvatskih vina preporu\u010diti odre\u0111eno vino.<\/p>\n<p>Bijela vina<br \/>\n<svg xmlns=\"http:\/\/www.w3.org\/2000\/svg\" width=\"41.125\" height=\"9.146\">\n                            <path fill=\"none\" stroke=\"#9C7C57\" stroke-miterlimit=\"10\" d=\"M40.881 8.576L20.562.591.244 8.576\"><\/path>\n                            <path fill=\"none\" stroke=\"#9C7C57\" stroke-miterlimit=\"10\" d=\"M40.881.591L20.562 8.576.243.591\"><\/path>\n                        <\/svg><\/p>\n<h4>\n                    WHITE WINES<\/h4>\n<p><svg xmlns=\"http:\/\/www.w3.org\/2000\/svg\" width=\"41.125\" height=\"9.146\">\n                            <path fill=\"none\" stroke=\"#9C7C57\" stroke-miterlimit=\"10\" d=\"M40.881 8.576L20.562.591.244 8.576\"><\/path>\n                            <path fill=\"none\" stroke=\"#9C7C57\" stroke-miterlimit=\"10\" d=\"M40.881.591L20.562 8.576.243.591\"><\/path>\n                        <\/svg><\/p>\n<h6>\n                        PO\u0160IP \u201cKUNJAS\u201d<\/h6>\n<p>Kor\u010dula<\/p>\n<h6>\n                        GRA\u0160EVINA KRAUTHAKER.<\/h6>\n<p>Slavonija<\/p>\n<h6>\n                        MALVASIJA \u201cMETKOVI\u0106\u201d<\/h6>\n<p>Konavle<\/p>\n<h6>\n                        SAUVIGNON BLANC<\/h6>\n<p>Slavonija<\/p>\n<h6>\n                        PINOT GRIGIO<\/h6>\n<p>Slavonija<\/p>\n<p>Crvena vina<br \/>\n<svg xmlns=\"http:\/\/www.w3.org\/2000\/svg\" width=\"41.125\" height=\"9.146\">\n                            <path fill=\"none\" stroke=\"#9C7C57\" stroke-miterlimit=\"10\" d=\"M40.881 8.576L20.562.591.244 8.576\"><\/path>\n                            <path fill=\"none\" stroke=\"#9C7C57\" stroke-miterlimit=\"10\" d=\"M40.881.591L20.562 8.576.243.591\"><\/path>\n                        <\/svg><\/p>\n<h4>\n                    RED WINES<\/h4>\n<p><svg xmlns=\"http:\/\/www.w3.org\/2000\/svg\" width=\"41.125\" height=\"9.146\">\n                            <path fill=\"none\" stroke=\"#9C7C57\" stroke-miterlimit=\"10\" d=\"M40.881 8.576L20.562.591.244 8.576\"><\/path>\n                            <path fill=\"none\" stroke=\"#9C7C57\" stroke-miterlimit=\"10\" d=\"M40.881.591L20.562 8.576.243.591\"><\/path>\n                        <\/svg><\/p>\n<h6>\n                        PLAVAC MALI BARRIQUE-CANAVIA<\/h6>\n<p>Konavle<\/p>\n<h6>\n                        CABERNET SOUVIGNON &#8211; KORLAT<\/h6>\n<p>Dalmacija<\/p>\n<h6>\n                        MERLOT \u201cMO\u0106\u201d<\/h6>\n<p>Konavle<\/p>\n<h6>\n                        DINGA\u010c \u201cSKARAMU\u0106A\u201d<\/h6>\n<p>Pelje\u0161ac<\/p>\n<h6>\n                        SYRAH &#8211; KORLAT<\/h6>\n<p>Dalmacija<\/p>\n<p>Slatka vina<br \/>\n<svg xmlns=\"http:\/\/www.w3.org\/2000\/svg\" width=\"41.125\" height=\"9.146\">\n                            <path fill=\"none\" stroke=\"#9C7C57\" stroke-miterlimit=\"10\" d=\"M40.881 8.576L20.562.591.244 8.576\"><\/path>\n                            <path fill=\"none\" stroke=\"#9C7C57\" stroke-miterlimit=\"10\" d=\"M40.881.591L20.562 8.576.243.591\"><\/path>\n                        <\/svg><\/p>\n<h4>\n                    DESSERT WINES<\/h4>\n<p><svg xmlns=\"http:\/\/www.w3.org\/2000\/svg\" width=\"41.125\" height=\"9.146\">\n                            <path fill=\"none\" stroke=\"#9C7C57\" stroke-miterlimit=\"10\" d=\"M40.881 8.576L20.562.591.244 8.576\"><\/path>\n                            <path fill=\"none\" stroke=\"#9C7C57\" stroke-miterlimit=\"10\" d=\"M40.881.591L20.562 8.576.243.591\"><\/path>\n                        <\/svg><\/p>\n<h6>\n                        PRO\u0160EK<\/h6>\n<p>Pelje\u0161ac 1,0 lit<\/p>\n<p>Ru\u017ei\u010dasta vina<br \/>\n<svg xmlns=\"http:\/\/www.w3.org\/2000\/svg\" width=\"41.125\" height=\"9.146\">\n                            <path fill=\"none\" stroke=\"#9C7C57\" stroke-miterlimit=\"10\" d=\"M40.881 8.576L20.562.591.244 8.576\"><\/path>\n                            <path fill=\"none\" stroke=\"#9C7C57\" stroke-miterlimit=\"10\" d=\"M40.881.591L20.562 8.576.243.591\"><\/path>\n                        <\/svg><\/p>\n<h4>\n                    WHITE WINES<\/h4>\n<p><svg xmlns=\"http:\/\/www.w3.org\/2000\/svg\" width=\"41.125\" height=\"9.146\">\n                            <path fill=\"none\" stroke=\"#9C7C57\" stroke-miterlimit=\"10\" d=\"M40.881 8.576L20.562.591.244 8.576\"><\/path>\n                            <path fill=\"none\" stroke=\"#9C7C57\" stroke-miterlimit=\"10\" d=\"M40.881.591L20.562 8.576.243.591\"><\/path>\n                        <\/svg><\/p>\n<h6>\n                        ROSE \u201cKRISTINA\u201d MATU\u0160KO<\/h6>\n<p>Pelje\u0161ac<\/p>\n<p><a itemprop=\"url\" href=\"https:\/\/konoba-rozario.hr\/our-menu\/\" target=\"_self\" rel=\"noopener\"><br \/>\nMENU<br \/>\n<\/a><br \/>\nOur selection<br \/>\n<svg xmlns=\"http:\/\/www.w3.org\/2000\/svg\" width=\"41.125\" height=\"9.146\">\n                            <path fill=\"none\" stroke=\"#9C7C57\" stroke-miterlimit=\"10\" d=\"M40.881 8.576L20.562.591.244 8.576\"><\/path>\n                            <path fill=\"none\" stroke=\"#9C7C57\" stroke-miterlimit=\"10\" d=\"M40.881.591L20.562 8.576.243.591\"><\/path>\n                        <\/svg><\/p>\n<h2>\n                    WINE<\/h2>\n<p><svg xmlns=\"http:\/\/www.w3.org\/2000\/svg\" width=\"41.125\" height=\"9.146\">\n                            <path fill=\"none\" stroke=\"#9C7C57\" stroke-miterlimit=\"10\" d=\"M40.881 8.576L20.562.591.244 8.576\"><\/path>\n                            <path fill=\"none\" stroke=\"#9C7C57\" stroke-miterlimit=\"10\" d=\"M40.881.591L20.562 8.576.243.591\"><\/path>\n                        <\/svg><\/p>\n<p>Konoba Rozario offers you the opportunity to enjoy local wines produced from native grape varieties that are grown only in Croatia.<\/p>\n<p>The most famous variety and essential part of local agriculture through the centuries are Plavac Mali from penisula Pelje\u0161ca, Po\u0161ip from island Kor\u010dule and&nbsp; Dubrova\u010dka Malvasija from Konavle region.<br \/>\nIn this wines variety-specific geographic area and special climate of South Dalmatia.<\/p>\n<p>Na\u0161 izbor<br \/>\n<svg xmlns=\"http:\/\/www.w3.org\/2000\/svg\" width=\"41.125\" height=\"9.146\">\n                            <path fill=\"none\" stroke=\"#9C7C57\" stroke-miterlimit=\"10\" d=\"M40.881 8.576L20.562.591.244 8.576\"><\/path>\n                            <path fill=\"none\" stroke=\"#9C7C57\" stroke-miterlimit=\"10\" d=\"M40.881.591L20.562 8.576.243.591\"><\/path>\n                        <\/svg><\/p>\n<h2>\n                    VINO<\/h2>\n<p><svg xmlns=\"http:\/\/www.w3.org\/2000\/svg\" width=\"41.125\" height=\"9.146\">\n                            <path fill=\"none\" stroke=\"#9C7C57\" stroke-miterlimit=\"10\" d=\"M40.881 8.576L20.562.591.244 8.576\"><\/path>\n                            <path fill=\"none\" stroke=\"#9C7C57\" stroke-miterlimit=\"10\" d=\"M40.881.591L20.562 8.576.243.591\"><\/path>\n                        <\/svg><\/p>\n<p>Konoba Rozario nudi vam priliku da u\u017eivate u lokalnim vinima proizvedenim od doma\u0107ih sorti gro\u017e\u0111a koje se uzgaja samo u Hrvatskoj.<\/p>\n<p>Najpoznatija sorta i najva\u017eniji dio lokalne poljoprivrede kroz stolje\u0107a su Plavac Mali s poluotoka Pelje\u0161ca, Po\u0161ip s otoka Kor\u010dule i&nbsp; Dubrova\u010dka Malvasija iz Konavala.<br \/>\nU ovom vinu nalaze se sve odlike&nbsp; geografskog podrijekla i posebne klime ju\u017ene Dalmacije.<\/p>\n","protected":false},"excerpt":{"rendered":"<p>Od 25 kn ponuda vina Rado \u0107emo Vam uz naru\u010deno jelo iz izbora najboljih hrvatskih vina preporu\u010diti odre\u0111eno vino. Bijela vina WHITE WINES PO\u0160IP \u201cKUNJAS\u201d Kor\u010dula GRA\u0160EVINA KRAUTHAKER. Slavonija MALVASIJA \u201cMETKOVI\u0106\u201d Konavle SAUVIGNON BLANC Slavonija PINOT GRIGIO Slavonija Crvena vina RED WINES PLAVAC MALI BARRIQUE-CANAVIA Konavle CABERNET SOUVIGNON &#8211; KORLAT Dalmacija MERLOT \u201cMO\u0106\u201d Konavle DINGA\u010c \u201cSKARAMU\u0106A\u201d Pelje\u0161ac SYRAH &#8211; KORLAT [&hellip;]<\/p>\n","protected":false},"author":1,"featured_media":0,"parent":0,"menu_order":0,"comment_status":"closed","ping_status":"closed","template":"","meta":{"footnotes":""},"class_list":["post-2486","page","type-page","status-publish","hentry"],"translation":{"provider":"WPGlobus","version":"3.0.0","language":"hr","enabled_languages":["en","hr"],"languages":{"en":{"title":true,"content":true,"excerpt":false},"hr":{"title":true,"content":true,"excerpt":false}}},"yoast_head":"<!-- This site is optimized with the Yoast SEO plugin v25.0 - https:\/\/yoast.com\/wordpress\/plugins\/seo\/ -->\n<title>Vinska karta - Konoba Rozario<\/title>\n<meta name=\"robots\" content=\"index, follow, max-snippet:-1, max-image-preview:large, max-video-preview:-1\" \/>\n<link rel=\"canonical\" href=\"https:\/\/konoba-rozario.hr\/bar-home\/\" \/>\n<meta property=\"og:locale\" content=\"hr_HR\" \/>\n<meta property=\"og:type\" content=\"article\" \/>\n<meta property=\"og:title\" content=\"Vinska karta - Konoba Rozario\" \/>\n<meta property=\"og:url\" content=\"https:\/\/konoba-rozario.hr\/bar-home\/\" \/>\n<meta property=\"og:site_name\" content=\"Konoba Rozario\" \/>\n<meta property=\"article:modified_time\" content=\"2021-04-19T12:49:52+00:00\" \/>\n<meta name=\"twitter:card\" content=\"summary_large_image\" \/>\n<meta name=\"twitter:label1\" content=\"Est. reading time\" \/>\n\t<meta name=\"twitter:data1\" content=\"1 minute\" \/>\n<script type=\"application\/ld+json\" class=\"yoast-schema-graph\">{\"@context\":\"https:\/\/schema.org\",\"@graph\":[{\"@type\":\"WebPage\",\"@id\":\"https:\/\/konoba-rozario.hr\/bar-home\/\",\"url\":\"https:\/\/konoba-rozario.hr\/bar-home\/\",\"name\":\"Vinska karta - Konoba Rozario\",\"isPartOf\":{\"@id\":\"https:\/\/konoba-rozario.hr\/#website\"},\"datePublished\":\"2020-04-22T09:05:50+00:00\",\"dateModified\":\"2021-04-19T12:49:52+00:00\",\"breadcrumb\":{\"@id\":\"https:\/\/konoba-rozario.hr\/bar-home\/#breadcrumb\"},\"inLanguage\":\"HR\",\"potentialAction\":[{\"@type\":\"ReadAction\",\"target\":[\"https:\/\/konoba-rozario.hr\/bar-home\/\"]}]},{\"@type\":\"BreadcrumbList\",\"@id\":\"https:\/\/konoba-rozario.hr\/bar-home\/#breadcrumb\",\"itemListElement\":[{\"@type\":\"ListItem\",\"position\":1,\"name\":\"Home\",\"item\":\"https:\/\/konoba-rozario.hr\/\"},{\"@type\":\"ListItem\",\"position\":2,\"name\":\"WINE LIST\"}]},{\"@type\":\"WebSite\",\"@id\":\"https:\/\/konoba-rozario.hr\/#website\",\"url\":\"https:\/\/konoba-rozario.hr\/\",\"name\":\"Konoba Rozario\",\"description\":\"Dubrovnik Restaurant\",\"potentialAction\":[{\"@type\":\"SearchAction\",\"target\":{\"@type\":\"EntryPoint\",\"urlTemplate\":\"https:\/\/konoba-rozario.hr\/?s={search_term_string}\"},\"query-input\":{\"@type\":\"PropertyValueSpecification\",\"valueRequired\":true,\"valueName\":\"search_term_string\"}}],\"inLanguage\":\"HR\"}]}<\/script>\n<!-- \/ Yoast SEO plugin. -->","yoast_head_json":{"title":"Vinska karta - Konoba Rozario","robots":{"index":"index","follow":"follow","max-snippet":"max-snippet:-1","max-image-preview":"max-image-preview:large","max-video-preview":"max-video-preview:-1"},"canonical":"https:\/\/konoba-rozario.hr\/bar-home\/","og_locale":"hr_HR","og_type":"article","og_title":"Vinska karta - Konoba Rozario","og_url":"https:\/\/konoba-rozario.hr\/bar-home\/","og_site_name":"Konoba Rozario","article_modified_time":"2021-04-19T12:49:52+00:00","twitter_card":"summary_large_image","twitter_misc":{"Est. reading time":"1 minute"},"schema":{"@context":"https:\/\/schema.org","@graph":[{"@type":"WebPage","@id":"https:\/\/konoba-rozario.hr\/bar-home\/","url":"https:\/\/konoba-rozario.hr\/bar-home\/","name":"Vinska karta - Konoba Rozario","isPartOf":{"@id":"https:\/\/konoba-rozario.hr\/#website"},"datePublished":"2020-04-22T09:05:50+00:00","dateModified":"2021-04-19T12:49:52+00:00","breadcrumb":{"@id":"https:\/\/konoba-rozario.hr\/bar-home\/#breadcrumb"},"inLanguage":"HR","potentialAction":[{"@type":"ReadAction","target":["https:\/\/konoba-rozario.hr\/bar-home\/"]}]},{"@type":"BreadcrumbList","@id":"https:\/\/konoba-rozario.hr\/bar-home\/#breadcrumb","itemListElement":[{"@type":"ListItem","position":1,"name":"Home","item":"https:\/\/konoba-rozario.hr\/"},{"@type":"ListItem","position":2,"name":"WINE LIST"}]},{"@type":"WebSite","@id":"https:\/\/konoba-rozario.hr\/#website","url":"https:\/\/konoba-rozario.hr\/","name":"Konoba Rozario","description":"Dubrovnik Restaurant","potentialAction":[{"@type":"SearchAction","target":{"@type":"EntryPoint","urlTemplate":"https:\/\/konoba-rozario.hr\/?s={search_term_string}"},"query-input":{"@type":"PropertyValueSpecification","valueRequired":true,"valueName":"search_term_string"}}],"inLanguage":"HR"}]}},"_links":{"self":[{"href":"https:\/\/konoba-rozario.hr\/hr\/wp-json\/wp\/v2\/pages\/2486","targetHints":{"allow":["GET"]}}],"collection":[{"href":"https:\/\/konoba-rozario.hr\/hr\/wp-json\/wp\/v2\/pages"}],"about":[{"href":"https:\/\/konoba-rozario.hr\/hr\/wp-json\/wp\/v2\/types\/page"}],"author":[{"embeddable":true,"href":"https:\/\/konoba-rozario.hr\/hr\/wp-json\/wp\/v2\/users\/1"}],"replies":[{"embeddable":true,"href":"https:\/\/konoba-rozario.hr\/hr\/wp-json\/wp\/v2\/comments?post=2486"}],"version-history":[{"count":45,"href":"https:\/\/konoba-rozario.hr\/hr\/wp-json\/wp\/v2\/pages\/2486\/revisions"}],"predecessor-version":[{"id":5304,"href":"https:\/\/konoba-rozario.hr\/hr\/wp-json\/wp\/v2\/pages\/2486\/revisions\/5304"}],"wp:attachment":[{"href":"https:\/\/konoba-rozario.hr\/hr\/wp-json\/wp\/v2\/media?parent=2486"}],"curies":[{"name":"wp","href":"https:\/\/api.w.org\/{rel}","templated":true}]}}