{"id":3310,"date":"2020-04-27T12:36:14","date_gmt":"2020-04-27T12:36:14","guid":{"rendered":"https:\/\/laurent.qodeinteractive.com\/elementor\/?page_id=3310"},"modified":"2021-04-19T11:58:38","modified_gmt":"2021-04-19T11:58:38","slug":"about-us","status":"publish","type":"page","link":"https:\/\/konoba-rozario.hr\/hr\/about-us\/","title":{"rendered":"O Nama"},"content":{"rendered":"<p>Konoba<br \/>\n                                    <svg xmlns=\"http:\/\/www.w3.org\/2000\/svg\" width=\"41.125\" height=\"9.146\">\n                            <path fill=\"none\" stroke=\"#9C7C57\" stroke-miterlimit=\"10\" d=\"M40.881 8.576L20.562.591.244 8.576\"\/>\n                            <path fill=\"none\" stroke=\"#9C7C57\" stroke-miterlimit=\"10\" d=\"M40.881.591L20.562 8.576.243.591\"\/>\n                        <\/svg><\/p>\n<h2 >\n                    ROZARIO                <\/h2>\n<p>                                    <svg xmlns=\"http:\/\/www.w3.org\/2000\/svg\" width=\"41.125\" height=\"9.146\">\n                            <path fill=\"none\" stroke=\"#9C7C57\" stroke-miterlimit=\"10\" d=\"M40.881 8.576L20.562.591.244 8.576\"\/>\n                            <path fill=\"none\" stroke=\"#9C7C57\" stroke-miterlimit=\"10\" d=\"M40.881.591L20.562 8.576.243.591\"\/>\n                        <\/svg><\/p>\n<p>\u00a0Konoba ROZARIO postoji ve\u0107 vi\u0161e 50 god, do\u0111ite i otkrijte za\u0161to nam se gosti uvijek vra\u0107aju. Smje\u0161ten je u samom centru povjesne jezgre grada, <br \/>uz Dominikanski samostan svega par koraka od pala\u010de Sponza na glavnoj ulici Stradunu.<\/p>\n<p>Dalmatinska konoba je simbol na\u0161e obale, biv\u0161i vinski podrum preure\u0111en u ugostiteljski objekt tradicionalnog ugo\u0111aja gdje se okupljaju <br \/>stalni gosti i u\u017eivaju uz dobru hranu i pi\u0107e, a pridru\u017euju im se turisti \u017eeljni autohtonog do\u017eivljaja Jadrana..<\/p>\n<p style=\"text-align: center;\">Na\u0161a ponuda bazirana je na doma\u0107oj, dalmatinskoj kuhinji (zdravoj, mediteranskoj) kojom \u0107ete uz <\/p>\n<p style=\"text-align: center;\">kapljicu vrhunskog vina i klapsku <br \/>pjesmu prenijeti \u010dari Mediterana na va\u0161 stol! Posebno smo ponosni na na\u0161e osoblje obu\u010deno u vrhunskim restoranima sa \u017eeljom da sa\u010duvaju <br \/>sve vrijednosti tradicionalne kuhinje.<\/p>\n<p style=\"text-align: center;\">Pored &#8220;a la carte&#8221; ponude koju redovito oplemenjujemo novim ali uvijek tradicionalnim jelima, <br \/>imamo ponudu jelovnika za grupe, prigodna i sve\u010dana okupljanja, catering , radionice \u0161kola kuhanja te degustacije vina.<\/p>\n<p>                                                        <img decoding=\"async\" width=\"800\" height=\"1200\" src=\"https:\/\/konoba-rozario.hr\/wp-content\/uploads\/2021\/03\/konoba_rozario_41.jpg\" alt=\"\" loading=\"lazy\" srcset=\"https:\/\/konoba-rozario.hr\/wp-content\/uploads\/2021\/03\/konoba_rozario_41.jpg 800w, https:\/\/konoba-rozario.hr\/wp-content\/uploads\/2021\/03\/konoba_rozario_41-600x900.jpg 600w, https:\/\/konoba-rozario.hr\/wp-content\/uploads\/2021\/03\/konoba_rozario_41-200x300.jpg 200w, https:\/\/konoba-rozario.hr\/wp-content\/uploads\/2021\/03\/konoba_rozario_41-683x1024.jpg 683w, https:\/\/konoba-rozario.hr\/wp-content\/uploads\/2021\/03\/konoba_rozario_41-768x1152.jpg 768w\" sizes=\"auto, (max-width: 800px) 100vw, 800px\" \/><br \/>\n                                                        <img decoding=\"async\" width=\"800\" height=\"1188\" src=\"https:\/\/konoba-rozario.hr\/wp-content\/uploads\/2021\/04\/konoba_rozario_90jpg.jpg\" alt=\"\" loading=\"lazy\" srcset=\"https:\/\/konoba-rozario.hr\/wp-content\/uploads\/2021\/04\/konoba_rozario_90jpg.jpg 800w, https:\/\/konoba-rozario.hr\/wp-content\/uploads\/2021\/04\/konoba_rozario_90jpg-202x300.jpg 202w, https:\/\/konoba-rozario.hr\/wp-content\/uploads\/2021\/04\/konoba_rozario_90jpg-690x1024.jpg 690w, https:\/\/konoba-rozario.hr\/wp-content\/uploads\/2021\/04\/konoba_rozario_90jpg-768x1140.jpg 768w, https:\/\/konoba-rozario.hr\/wp-content\/uploads\/2021\/04\/konoba_rozario_90jpg-600x891.jpg 600w\" sizes=\"auto, (max-width: 800px) 100vw, 800px\" \/>                                                <\/p>\n<p>We were on tour in Dubrovnik and asked local guide where to have a good seafood lunch at Old Town of Dubrovnik and he highly recommended Rozario Konoba. What a hidden gem! Located just a block of main crowd small quiet restaurant with a few tasteful tables outside. The food, the service and atmosphere were amazing! We had the best mussels, excellent prawns and homemade seafood pasta accompanied with great white wine chilled for us in ice bucket during our dinner. Great place!!<\/p>\n<h5>\n                            Hidden gem!<br \/>\n                        <\/h5>\n<p>Rimma K<\/p>\n<p>We sat outside (book a table to avoid being seated inside which is unremarkable) and could hear the symphony orchestra playing in the main square. The food was superb &#8211; we had the truffle pasta and black ink risotto to start followed by the fish casserole. Fantastic flavours and excellent unprententious service. Would go back<\/p>\n<h5>\n                            Excellent food and lovely location<br \/>\n                        <\/h5>\n<p>Julia O London, United Kingdom<\/p>\n<p>Delicious seafood lunch &#8211; I had the bream. My husband had the steak. Delicious vegetables and seasoning. We had cappuccino made by the owner last &#8211; also great. This was a relaxing place to have lunch, off the beaten path of most of the tourists. It was recommended by our tour guide, and we really enjoyed it. It&#039;s a pretty small place. There is seating both inside and out.<\/p>\n<h5>\n                            Delicious lunch in a great location<br \/>\n                        <\/h5>\n<p>onaroll56 Los Osos, California<\/p>\n<p>                                <svg version=\"1.1\" id=\"Layer_1\" xmlns=\"http:\/\/www.w3.org\/2000\/svg\" xmlns:xlink=\"http:\/\/www.w3.org\/1999\/xlink\" x=\"0px\" y=\"0px\"\n\t width=\"203.083px\" height=\"305.563px\" viewBox=\"0 0 303.083 305.563\" enable-background=\"new 0 0 303.083 305.563\"\n\t xml:space=\"preserve\">\n<path fill=\"none\" stroke=\"#9A7D57\" stroke-width=\"1.5\" stroke-miterlimit=\"10\" d=\"M36.927,251.827L1.428,190.62L72.426,67.954\n\tL53.591,35.415 M36.927,251.827l35.499-61.207L12.86,87.705 M107.925,6.621l35.499,61.333L72.426,190.62l65.733,113.572\n\t M85.728,290.305l57.696-99.685L72.426,67.954l35.47-61.282 M176.85,3.041l37.572,64.913L143.424,190.62l60.398,104.352\n\t M148.419,304.655l66.003-114.035L143.424,67.954L180.614,3.7 M281.166,75.306L214.422,190.62l41.37,71.478 M233.9,279.635\n\tl51.521-89.015L214.422,67.954l23.047-39.817 M302.023,161.937L285.42,190.62l7.581,13.098 M96.143,10.63v16.348 M60.644,88.311\n\tV70.871L44.853,43.219 M25.145,149.644v-17.439L7.325,101 M60.644,210.977v-17.439l-23.712-41.521L13.21,193.594v17.383\n\t M96.143,272.31V254.87l-23.712-41.521l-23.722,41.578v10.798 M123.73,302.348l-15.8-27.666L96.429,294.84 M192.572,298.572\n\tl-13.644-23.891l-16.852,29.537 M167.102,272.31V254.87l-23.712-41.521l-23.722,41.578v17.383 M238.139,272.31V254.87\n\tl-23.712-41.521l-23.722,41.578v17.383 M287.81,217.524l-2.385-4.176l-23.722,41.578v1.114 M131.642,210.977v-17.439l-23.712-41.521\n\tl-23.722,41.578v17.383 M202.64,210.977v-17.439l-23.712-41.521l-23.722,41.578v17.383 M273.638,210.977v-17.439l-23.712-41.521\n\tl-23.722,41.578v17.383 M96.143,149.644v-17.439L72.431,90.683l-23.722,41.578v17.383 M167.102,149.644v-17.439L143.39,90.683\n\tl-23.722,41.578v17.383 M238.139,149.644v-17.439l-23.712-41.521l-23.722,41.578v17.383 M295.99,109.182l-10.564-18.499\n\tl-23.722,41.578v17.383 M131.642,88.311V70.871L107.93,29.35L84.208,70.928v17.383 M202.64,88.311V70.871L178.928,29.35\n\tl-23.722,41.578v17.383 M273.638,88.311V70.871l-12.967-22.705 M246.644,35.104l-20.439,35.824v17.383 M167.141,26.978V9.538\n\tl-4.791-8.391 M123.446,3.043l-3.738,6.552v17.383 M192.453,6.533l-1.747,3.062v17.383 M84.248,15.75v31.78 M60.605,47.53V29.963\n\t M48.749,108.863V73.93L36.929,53.236L25.106,73.959v34.904 M13.25,170.196v-34.934L2.607,116.629 M48.749,231.529v-34.934\n\tl-11.819-20.693l-11.823,20.723v34.904 M84.248,289.6v-31.671l-11.819-20.693l-11.823,20.723v17.433 M180.675,301.633l-1.75-3.064\n\tl-2.172,3.805 M155.246,292.862v-34.934l-11.819-20.693l-11.823,20.723v34.904 M226.244,284.372v-26.443l-11.819-20.693\n\tl-11.823,20.723v34.904 M119.747,231.529v-34.934l-11.819-20.693l-11.823,20.723v34.904 M190.745,231.529v-34.934l-11.819-20.693\n\tl-11.823,20.723v34.904 M261.743,231.529v-34.934l-11.819-20.693L238.1,196.625v34.904 M84.248,170.196v-34.934l-11.819-20.693\n\tl-11.823,20.723v34.904 M155.207,170.196v-34.934l-11.819-20.693l-11.823,20.723v34.904 M226.244,170.196v-34.934l-11.819-20.693\n\tl-11.823,20.723v34.904 M297.242,170.196v-34.934l-11.819-20.693l-11.823,20.723v34.904 M119.747,108.863V73.93l-11.819-20.693\n\tL96.104,73.959v34.904 M190.745,108.863V73.93l-11.819-20.693l-11.823,20.723v34.904 M261.743,108.863V73.93l-11.819-20.693\n\tL238.1,73.959v34.904 M155.246,47.53V12.597L148.445,0.69 M138.147,1.156l-6.544,11.47V47.53 M226.244,20.976V47.53 M203.878,10.387\n\tl-1.277,2.239V47.53 M72.426,22.118v45.836 M36.927,73.112v56.051 M1.428,134.444v56.051 M36.927,195.776v56.051 M72.426,257.104\n\tv26.128 M143.424,257.104v47.4 M214.422,257.104v33.414 M107.925,195.776v56.051 M178.923,195.776v56.051 M249.921,195.776v56.051\n\t M72.426,134.444v56.051 M143.424,134.444v56.051 M214.422,134.444v56.051 M285.42,134.444v56.051 M107.925,73.112v56.051\n\t M178.923,73.112v56.051 M249.921,73.112v56.051 M143.424,11.903v56.051 M214.422,14.818v53.136 M137.838,304.162\"\/>\n<\/svg><\/p>\n","protected":false},"excerpt":{"rendered":"<p>Konoba ROZARIO \u00a0Konoba ROZARIO postoji ve\u0107 vi\u0161e 50 god, do\u0111ite i otkrijte za\u0161to nam se gosti uvijek vra\u0107aju. Smje\u0161ten je u samom centru povjesne jezgre grada, uz Dominikanski samostan svega par koraka od pala\u010de Sponza na glavnoj ulici Stradunu. Dalmatinska konoba je simbol na\u0161e obale, biv\u0161i vinski podrum preure\u0111en u ugostiteljski objekt tradicionalnog ugo\u0111aja gdje se okupljaju stalni gosti i [&hellip;]<\/p>\n","protected":false},"author":1,"featured_media":0,"parent":0,"menu_order":0,"comment_status":"closed","ping_status":"closed","template":"full-width.php","meta":{"footnotes":""},"class_list":["post-3310","page","type-page","status-publish","hentry"],"translation":{"provider":"WPGlobus","version":"3.0.0","language":"hr","enabled_languages":["en","hr"],"languages":{"en":{"title":true,"content":true,"excerpt":false},"hr":{"title":true,"content":true,"excerpt":false}}},"yoast_head":"<!-- This site is optimized with the Yoast SEO plugin v25.0 - https:\/\/yoast.com\/wordpress\/plugins\/seo\/ -->\n<title>O Nama - Konoba Rozario<\/title>\n<meta name=\"robots\" content=\"index, follow, max-snippet:-1, max-image-preview:large, max-video-preview:-1\" \/>\n<link rel=\"canonical\" href=\"https:\/\/konoba-rozario.hr\/about-us\/\" \/>\n<meta property=\"og:locale\" content=\"hr_HR\" \/>\n<meta property=\"og:type\" content=\"article\" \/>\n<meta property=\"og:title\" content=\"O Nama - Konoba Rozario\" \/>\n<meta property=\"og:url\" content=\"https:\/\/konoba-rozario.hr\/about-us\/\" \/>\n<meta property=\"og:site_name\" content=\"Konoba Rozario\" \/>\n<meta property=\"article:modified_time\" content=\"2021-04-19T11:58:38+00:00\" \/>\n<meta property=\"og:image\" content=\"https:\/\/konoba-rozario.hr\/wp-content\/uploads\/2021\/03\/konoba_rozario_41.jpg\" \/>\n<meta name=\"twitter:card\" content=\"summary_large_image\" \/>\n<meta name=\"twitter:label1\" content=\"Est. reading time\" \/>\n\t<meta name=\"twitter:data1\" content=\"4 minutes\" \/>\n<script type=\"application\/ld+json\" class=\"yoast-schema-graph\">{\"@context\":\"https:\/\/schema.org\",\"@graph\":[{\"@type\":\"WebPage\",\"@id\":\"https:\/\/konoba-rozario.hr\/about-us\/\",\"url\":\"https:\/\/konoba-rozario.hr\/about-us\/\",\"name\":\"O Nama - Konoba Rozario\",\"isPartOf\":{\"@id\":\"https:\/\/konoba-rozario.hr\/#website\"},\"primaryImageOfPage\":{\"@id\":\"https:\/\/konoba-rozario.hr\/about-us\/#primaryimage\"},\"image\":{\"@id\":\"https:\/\/konoba-rozario.hr\/about-us\/#primaryimage\"},\"thumbnailUrl\":\"https:\/\/konoba-rozario.hr\/wp-content\/uploads\/2021\/03\/konoba_rozario_41.jpg\",\"datePublished\":\"2020-04-27T12:36:14+00:00\",\"dateModified\":\"2021-04-19T11:58:38+00:00\",\"breadcrumb\":{\"@id\":\"https:\/\/konoba-rozario.hr\/about-us\/#breadcrumb\"},\"inLanguage\":\"HR\",\"potentialAction\":[{\"@type\":\"ReadAction\",\"target\":[\"https:\/\/konoba-rozario.hr\/about-us\/\"]}]},{\"@type\":\"ImageObject\",\"inLanguage\":\"HR\",\"@id\":\"https:\/\/konoba-rozario.hr\/about-us\/#primaryimage\",\"url\":\"https:\/\/konoba-rozario.hr\/wp-content\/uploads\/2021\/03\/konoba_rozario_41.jpg\",\"contentUrl\":\"https:\/\/konoba-rozario.hr\/wp-content\/uploads\/2021\/03\/konoba_rozario_41.jpg\"},{\"@type\":\"BreadcrumbList\",\"@id\":\"https:\/\/konoba-rozario.hr\/about-us\/#breadcrumb\",\"itemListElement\":[{\"@type\":\"ListItem\",\"position\":1,\"name\":\"Home\",\"item\":\"https:\/\/konoba-rozario.hr\/\"},{\"@type\":\"ListItem\",\"position\":2,\"name\":\"About Us\"}]},{\"@type\":\"WebSite\",\"@id\":\"https:\/\/konoba-rozario.hr\/#website\",\"url\":\"https:\/\/konoba-rozario.hr\/\",\"name\":\"Konoba Rozario\",\"description\":\"Dubrovnik Restaurant\",\"potentialAction\":[{\"@type\":\"SearchAction\",\"target\":{\"@type\":\"EntryPoint\",\"urlTemplate\":\"https:\/\/konoba-rozario.hr\/?s={search_term_string}\"},\"query-input\":{\"@type\":\"PropertyValueSpecification\",\"valueRequired\":true,\"valueName\":\"search_term_string\"}}],\"inLanguage\":\"HR\"}]}<\/script>\n<!-- \/ Yoast SEO plugin. -->","yoast_head_json":{"title":"O Nama - Konoba Rozario","robots":{"index":"index","follow":"follow","max-snippet":"max-snippet:-1","max-image-preview":"max-image-preview:large","max-video-preview":"max-video-preview:-1"},"canonical":"https:\/\/konoba-rozario.hr\/about-us\/","og_locale":"hr_HR","og_type":"article","og_title":"O Nama - Konoba Rozario","og_url":"https:\/\/konoba-rozario.hr\/about-us\/","og_site_name":"Konoba Rozario","article_modified_time":"2021-04-19T11:58:38+00:00","og_image":[{"url":"https:\/\/konoba-rozario.hr\/wp-content\/uploads\/2021\/03\/konoba_rozario_41.jpg","type":"","width":"","height":""}],"twitter_card":"summary_large_image","twitter_misc":{"Est. reading time":"4 minutes"},"schema":{"@context":"https:\/\/schema.org","@graph":[{"@type":"WebPage","@id":"https:\/\/konoba-rozario.hr\/about-us\/","url":"https:\/\/konoba-rozario.hr\/about-us\/","name":"O Nama - Konoba Rozario","isPartOf":{"@id":"https:\/\/konoba-rozario.hr\/#website"},"primaryImageOfPage":{"@id":"https:\/\/konoba-rozario.hr\/about-us\/#primaryimage"},"image":{"@id":"https:\/\/konoba-rozario.hr\/about-us\/#primaryimage"},"thumbnailUrl":"https:\/\/konoba-rozario.hr\/wp-content\/uploads\/2021\/03\/konoba_rozario_41.jpg","datePublished":"2020-04-27T12:36:14+00:00","dateModified":"2021-04-19T11:58:38+00:00","breadcrumb":{"@id":"https:\/\/konoba-rozario.hr\/about-us\/#breadcrumb"},"inLanguage":"HR","potentialAction":[{"@type":"ReadAction","target":["https:\/\/konoba-rozario.hr\/about-us\/"]}]},{"@type":"ImageObject","inLanguage":"HR","@id":"https:\/\/konoba-rozario.hr\/about-us\/#primaryimage","url":"https:\/\/konoba-rozario.hr\/wp-content\/uploads\/2021\/03\/konoba_rozario_41.jpg","contentUrl":"https:\/\/konoba-rozario.hr\/wp-content\/uploads\/2021\/03\/konoba_rozario_41.jpg"},{"@type":"BreadcrumbList","@id":"https:\/\/konoba-rozario.hr\/about-us\/#breadcrumb","itemListElement":[{"@type":"ListItem","position":1,"name":"Home","item":"https:\/\/konoba-rozario.hr\/"},{"@type":"ListItem","position":2,"name":"About Us"}]},{"@type":"WebSite","@id":"https:\/\/konoba-rozario.hr\/#website","url":"https:\/\/konoba-rozario.hr\/","name":"Konoba Rozario","description":"Dubrovnik Restaurant","potentialAction":[{"@type":"SearchAction","target":{"@type":"EntryPoint","urlTemplate":"https:\/\/konoba-rozario.hr\/?s={search_term_string}"},"query-input":{"@type":"PropertyValueSpecification","valueRequired":true,"valueName":"search_term_string"}}],"inLanguage":"HR"}]}},"_links":{"self":[{"href":"https:\/\/konoba-rozario.hr\/hr\/wp-json\/wp\/v2\/pages\/3310","targetHints":{"allow":["GET"]}}],"collection":[{"href":"https:\/\/konoba-rozario.hr\/hr\/wp-json\/wp\/v2\/pages"}],"about":[{"href":"https:\/\/konoba-rozario.hr\/hr\/wp-json\/wp\/v2\/types\/page"}],"author":[{"embeddable":true,"href":"https:\/\/konoba-rozario.hr\/hr\/wp-json\/wp\/v2\/users\/1"}],"replies":[{"embeddable":true,"href":"https:\/\/konoba-rozario.hr\/hr\/wp-json\/wp\/v2\/comments?post=3310"}],"version-history":[{"count":49,"href":"https:\/\/konoba-rozario.hr\/hr\/wp-json\/wp\/v2\/pages\/3310\/revisions"}],"predecessor-version":[{"id":5275,"href":"https:\/\/konoba-rozario.hr\/hr\/wp-json\/wp\/v2\/pages\/3310\/revisions\/5275"}],"wp:attachment":[{"href":"https:\/\/konoba-rozario.hr\/hr\/wp-json\/wp\/v2\/media?parent=3310"}],"curies":[{"name":"wp","href":"https:\/\/api.w.org\/{rel}","templated":true}]}}